{"id":1244,"date":"2019-07-28T14:48:17","date_gmt":"2019-07-28T13:48:17","guid":{"rendered":"https:\/\/www.eventio-online.de\/?post_type=product&#038;p=1244"},"modified":"2019-08-06T21:02:25","modified_gmt":"2019-08-06T20:02:25","slug":"outdoor-smartband-fitness-armband-zf-x1-f4","status":"publish","type":"product","link":"https:\/\/www.eventio-online.de\/index.php\/produkt\/outdoor-smartband-fitness-armband-zf-x1-f4\/","title":{"rendered":"Outdoor Smartband\/Fitness-Armband ZF X1\/F4"},"content":{"rendered":"<p>Leistungsstarkes und preiswertes Outdoor Smart Band<\/p>\n<p>Staub- und wasserdichtes Design nach Schutzgrade: IP 68, bis 30 Meter unter Wasser<\/p>\n<p>Highlights:<\/p>\n<ul>\n<li style=\"list-style-type: none;\">\n<ul>\n<li>0,96 Zoll OLED Bildschirm (schwarz-wei\u00df);<\/li>\n<li>Bluetooth 4,0;<\/li>\n<li>Tracking von Herzfrequenzen, Strecken, und verbrannten Kalorien;<\/li>\n<li>eingebettete Stoppuhr;<\/li>\n<li>GPS-Tracking mit Hilfe von App m\u00f6glich;<\/li>\n<li>\u00dcberwachung von UV-Stahlung mit Hilfe von App auf dem Smartphone;<\/li>\n<li>\u00dcberwachung von Herzfrequenzen, Blutdruck, Sauerstoffgehalt;<\/li>\n<li>Anruf-, SMS-, und App-Benachrichtigungen<\/li>\n<li>8 Sportmodi f\u00fcr Training, die Aktivit\u00e4ten in Echtzeit erfassen und wiedergeben;<\/li>\n<li>130 mAh Akku, bis zu 7-10 Tagen Laufzeit;<\/li>\n<li>deutsche Gebrauchsanleitung;<\/li>\n<li>CE, RoHS, F CC<\/li>\n<\/ul>\n<\/li>\n<\/ul>\n","protected":false},"excerpt":{"rendered":"<p>Leistungsstarkes und preiswertes Outdoor Smart Band Staub- und wasserdichtes Design nach Schutzgrade: IP 68, bis 30 Meter unter Wasser Highlights: 0,96 Zoll OLED Bildschirm (schwarz-wei\u00df); Bluetooth 4,0; Tracking von Herzfrequenzen, Strecken, und verbrannten Kalorien; eingebettete Stoppuhr; GPS-Tracking mit Hilfe von App m\u00f6glich; \u00dcberwachung von UV-Stahlung mit Hilfe von App auf dem Smartphone; \u00dcberwachung von Herzfrequenzen, &hellip;<\/p>\n<p class=\"read-more\"> <a class=\"\" href=\"https:\/\/www.eventio-online.de\/index.php\/produkt\/outdoor-smartband-fitness-armband-zf-x1-f4\/\"> <span class=\"screen-reader-text\">Outdoor Smartband\/Fitness-Armband ZF X1\/F4<\/span> Weiterlesen &raquo;<\/a><\/p>\n","protected":false},"featured_media":1261,"template":"","meta":{"om_disable_all_campaigns":false,"spay_email":""},"product_cat":[15],"product_tag":[],"_links":{"self":[{"href":"https:\/\/www.eventio-online.de\/index.php\/wp-json\/wp\/v2\/product\/1244"}],"collection":[{"href":"https:\/\/www.eventio-online.de\/index.php\/wp-json\/wp\/v2\/product"}],"about":[{"href":"https:\/\/www.eventio-online.de\/index.php\/wp-json\/wp\/v2\/types\/product"}],"wp:featuredmedia":[{"embeddable":true,"href":"https:\/\/www.eventio-online.de\/index.php\/wp-json\/wp\/v2\/media\/1261"}],"wp:attachment":[{"href":"https:\/\/www.eventio-online.de\/index.php\/wp-json\/wp\/v2\/media?parent=1244"}],"wp:term":[{"taxonomy":"product_cat","embeddable":true,"href":"https:\/\/www.eventio-online.de\/index.php\/wp-json\/wp\/v2\/product_cat?post=1244"},{"taxonomy":"product_tag","embeddable":true,"href":"https:\/\/www.eventio-online.de\/index.php\/wp-json\/wp\/v2\/product_tag?post=1244"}],"curies":[{"name":"wp","href":"https:\/\/api.w.org\/{rel}","templated":true}]}}