{"id":1211,"date":"2019-07-06T18:17:05","date_gmt":"2019-07-06T17:17:05","guid":{"rendered":"https:\/\/www.eventio-online.de\/?post_type=product&#038;p=1211"},"modified":"2019-08-06T14:05:45","modified_gmt":"2019-08-06T13:05:45","slug":"gps-outdoor-sportuhr-zf-x3-f6","status":"publish","type":"product","link":"https:\/\/www.eventio-online.de\/index.php\/produkt\/gps-outdoor-sportuhr-zf-x3-f6\/","title":{"rendered":"GPS Outdoor-Sportuhr ZF X3\/F5"},"content":{"rendered":"<p>modernes und modisches Design<\/p>\n<p>Staubfest und Wasserdicht (Schutzgrade: IP 67)<\/p>\n<p>Akkulaufzeit bis zu 3 Woche<\/p>\n<p>Highlights:<\/p>\n<ul>\n<li>0,96 Zoll farbige OLED Bildschirm;<\/li>\n<li>Bluetooth 4,0;<\/li>\n<li style=\"list-style-type: none;\"><\/li>\n<li>IP-67 Wasserdicht<\/li>\n<li>Tracking von Schritten, Strecken, und verbrannten Kalorien;<\/li>\n<li>GPS-Tracking f\u00fcr Joggen, Radfahren und Bergsteigen;<\/li>\n<li>\u00dcberwachung der Herzfrequenz;<\/li>\n<li>Schlaf\u00fcberwachung;<\/li>\n<li>eingebettetes H\u00f6henmesser, Thermometer, und Barometer<\/li>\n<li>Anruf-, SMS-, Kalender- und App-Benachrichtigungen<\/li>\n<li>8 Sportmodi f\u00fcr Training, die Aktivit\u00e4ten in Echtzeit erfassen und wiedergeben;<\/li>\n<li>350 mAh Akku mit Hochleistung Nordic chip der dritten Generation, durchschnittlich 3 Wochen Laufzeit, 12 Stunden Betriebsdauer bei Aktivierung der GPS Funktion.<\/li>\n<li>CE, RoHS<\/li>\n<\/ul>\n","protected":false},"excerpt":{"rendered":"<p>modernes und modisches Design Staubfest und Wasserdicht (Schutzgrade: IP 67) Akkulaufzeit bis zu 3 Woche Highlights: 0,96 Zoll farbige OLED Bildschirm; Bluetooth 4,0; IP-67 Wasserdicht Tracking von Schritten, Strecken, und verbrannten Kalorien; GPS-Tracking f\u00fcr Joggen, Radfahren und Bergsteigen; \u00dcberwachung der Herzfrequenz; Schlaf\u00fcberwachung; eingebettetes H\u00f6henmesser, Thermometer, und Barometer Anruf-, SMS-, Kalender- und App-Benachrichtigungen 8 Sportmodi f\u00fcr &hellip;<\/p>\n<p class=\"read-more\"> <a class=\"\" href=\"https:\/\/www.eventio-online.de\/index.php\/produkt\/gps-outdoor-sportuhr-zf-x3-f6\/\"> <span class=\"screen-reader-text\">GPS Outdoor-Sportuhr ZF X3\/F5<\/span> Weiterlesen &raquo;<\/a><\/p>\n","protected":false},"featured_media":1216,"template":"","meta":{"om_disable_all_campaigns":false,"spay_email":""},"product_cat":[15],"product_tag":[],"_links":{"self":[{"href":"https:\/\/www.eventio-online.de\/index.php\/wp-json\/wp\/v2\/product\/1211"}],"collection":[{"href":"https:\/\/www.eventio-online.de\/index.php\/wp-json\/wp\/v2\/product"}],"about":[{"href":"https:\/\/www.eventio-online.de\/index.php\/wp-json\/wp\/v2\/types\/product"}],"wp:featuredmedia":[{"embeddable":true,"href":"https:\/\/www.eventio-online.de\/index.php\/wp-json\/wp\/v2\/media\/1216"}],"wp:attachment":[{"href":"https:\/\/www.eventio-online.de\/index.php\/wp-json\/wp\/v2\/media?parent=1211"}],"wp:term":[{"taxonomy":"product_cat","embeddable":true,"href":"https:\/\/www.eventio-online.de\/index.php\/wp-json\/wp\/v2\/product_cat?post=1211"},{"taxonomy":"product_tag","embeddable":true,"href":"https:\/\/www.eventio-online.de\/index.php\/wp-json\/wp\/v2\/product_tag?post=1211"}],"curies":[{"name":"wp","href":"https:\/\/api.w.org\/{rel}","templated":true}]}}