{"id":1157,"date":"2019-05-02T15:04:01","date_gmt":"2019-05-02T14:04:01","guid":{"rendered":"https:\/\/www.eventio-online.de\/?post_type=product&#038;p=1157"},"modified":"2019-08-08T15:13:01","modified_gmt":"2019-08-08T14:13:01","slug":"3in1-fm-fuer-iphone","status":"publish","type":"product","link":"https:\/\/www.eventio-online.de\/index.php\/produkt\/3in1-fm-fuer-iphone\/","title":{"rendered":"3 in 1 Funkger\u00e4t (PMR Funkger\u00e4t, iPhone Schutzh\u00fclle und Powerbank)"},"content":{"rendered":"<p>Das clevere PMR 446 Funkger\u00e4t mit innovativen Ideen von DT NO.1<\/p>\n<p>professionelles\u00a0 Funkger\u00e4t, elegante und starke Schutzh\u00fclle f\u00fcr iPhones, Powerbank, 3 in 1<\/p>\n<p>ausgekl\u00fcgelte Kombination aus Design, Haptik und Funktion<\/p>\n<p>elegante Optik<\/p>\n<p>hergestellt aus Polycarbonat, Glasfaser und TPU mit &#8220;Multi-component\u00a0injection moulding&#8221; Verfahren<\/p>\n<p>exzellente Sto\u00df- und Aufpralld\u00e4mpfung<\/p>\n<p>perfekter Schutz f\u00fcr iPhones, insbesonderes\u00a0 f\u00fcr den Outdoor-Einsatz<\/p>\n<p>Powerbank mit 3500 mAh Kapazit\u00e4t f\u00fcr iPhones<\/p>\n<p>feine Verarbeitung mit bester Qualit\u00e4t und neusten Technologien<\/p>\n<p>als Gemeinschaftsgeschmacksmuster in der Eu registriert und gesch\u00fctzt<\/p>\n<p>&nbsp;<\/p>\n<p><strong>Technische \u00a0Merkmale:<\/strong><\/p>\n<p>OLED Display<\/p>\n<p>7 Sprachoptionen<\/p>\n<p>16 Kan\u00e4le<\/p>\n<p>Sendezeitbegrenzung (TOT) schaltbar<\/p>\n<p>USB 3.0<\/p>\n<p>Energiesparmodus, bis zu 120 Stand-by Stunden<\/p>\n<p>sehr leichte und intuitive Bedienung<\/p>\n<p>Reichweite : 3 &#8211; 5 Kilometer, bei Testen bis maximal 10 Kilometer<\/p>\n<p>Betriebstemperatur: -20 \u00b0C bis +70 \u00b0C<\/p>\n<p>Frequenzbereich: 446,00625 &#8211; 446,09375 MHz<\/p>\n<p>CE, RoHS, FCC<\/p>\n","protected":false},"excerpt":{"rendered":"<p>Das clevere PMR 446 Funkger\u00e4t mit innovativen Ideen von DT NO.1 professionelles\u00a0 Funkger\u00e4t, elegante und starke Schutzh\u00fclle f\u00fcr iPhones, Powerbank, 3 in 1 ausgekl\u00fcgelte Kombination aus Design, Haptik und Funktion elegante Optik hergestellt aus Polycarbonat, Glasfaser und TPU mit &#8220;Multi-component\u00a0injection moulding&#8221; Verfahren exzellente Sto\u00df- und Aufpralld\u00e4mpfung perfekter Schutz f\u00fcr iPhones, insbesonderes\u00a0 f\u00fcr den Outdoor-Einsatz Powerbank &hellip;<\/p>\n<p class=\"read-more\"> <a class=\"\" href=\"https:\/\/www.eventio-online.de\/index.php\/produkt\/3in1-fm-fuer-iphone\/\"> <span class=\"screen-reader-text\">3 in 1 Funkger\u00e4t (PMR Funkger\u00e4t, iPhone Schutzh\u00fclle und Powerbank)<\/span> Weiterlesen &raquo;<\/a><\/p>\n","protected":false},"featured_media":1159,"template":"","meta":{"om_disable_all_campaigns":false,"spay_email":""},"product_cat":[236],"product_tag":[],"_links":{"self":[{"href":"https:\/\/www.eventio-online.de\/index.php\/wp-json\/wp\/v2\/product\/1157"}],"collection":[{"href":"https:\/\/www.eventio-online.de\/index.php\/wp-json\/wp\/v2\/product"}],"about":[{"href":"https:\/\/www.eventio-online.de\/index.php\/wp-json\/wp\/v2\/types\/product"}],"wp:featuredmedia":[{"embeddable":true,"href":"https:\/\/www.eventio-online.de\/index.php\/wp-json\/wp\/v2\/media\/1159"}],"wp:attachment":[{"href":"https:\/\/www.eventio-online.de\/index.php\/wp-json\/wp\/v2\/media?parent=1157"}],"wp:term":[{"taxonomy":"product_cat","embeddable":true,"href":"https:\/\/www.eventio-online.de\/index.php\/wp-json\/wp\/v2\/product_cat?post=1157"},{"taxonomy":"product_tag","embeddable":true,"href":"https:\/\/www.eventio-online.de\/index.php\/wp-json\/wp\/v2\/product_tag?post=1157"}],"curies":[{"name":"wp","href":"https:\/\/api.w.org\/{rel}","templated":true}]}}