{"id":850,"date":"2019-01-06T15:05:41","date_gmt":"2019-01-06T14:05:41","guid":{"rendered":"http:\/\/atsoon.com\/eventio\/?page_id=850"},"modified":"2019-08-30T14:01:58","modified_gmt":"2019-08-30T13:01:58","slug":"agbs","status":"publish","type":"page","link":"https:\/\/www.eventio-online.de\/index.php\/agbs\/","title":{"rendered":"AGBs"},"content":{"rendered":"<p><strong>Allgemeine Gesch\u00e4ftsbedingungen<\/strong><\/p>\n<p><strong>1.\u00a0Geltungsbereich<\/strong><\/p>\n<p>F\u00fcr alle Bestellungen \u00fcber unseren Online-Shop durch Verbraucher und Unternehmer gelten die nachfolgenden AGB.<\/p>\n<p>Verbraucher ist jede nat\u00fcrliche Person, die ein Rechtsgesch\u00e4ft zu Zwecken abschlie\u00dft, die \u00fcberwiegend weder ihrer gewerblichen noch ihrer selbst\u00e4ndigen beruflichen T\u00e4tigkeit zugerechnet werden k\u00f6nnen. Unternehmer ist eine nat\u00fcrliche oder juristische Person oder eine rechtsf\u00e4hige Personengesellschaft, die bei Abschluss eines Rechtsgesch\u00e4fts in Aus\u00fcbung ihrer gewerblichen oder selbst\u00e4ndigen beruflichen T\u00e4tigkeit handelt.<\/p>\n<p>Gegen\u00fcber Unternehmern gilt: Verwendet der Unternehmer entgegenstehende oder erg\u00e4nzende Allgemeine Gesch\u00e4ftsbedingungen, wird deren Geltung hiermit widersprochen; sie werden nur dann Vertragsbestandteil, wenn wir dem ausdr\u00fccklich zugestimmt haben.<\/p>\n<p><strong>2.\u00a0Vertragspartner, Vertragsschluss<\/strong><\/p>\n<p>Der Kaufvertrag kommt zustande mit Eventio GmbH.<\/p>\n<p>Die Darstellung der Produkte im Online-Shop stellt kein rechtlich bindendes Angebot, sondern einen unverbindlichen Online-Katalog dar. Sie k\u00f6nnen unsere Produkte zun\u00e4chst unverbindlich in den Warenkorb legen und Ihre Eingaben vor Absenden Ihrer verbindlichen Bestellung jederzeit korrigieren, indem Sie die hierf\u00fcr im Bestellablauf vorgesehenen und erl\u00e4uterten Korrekturhilfen nutzen. Durch Anklicken des Bestellbuttons geben Sie eine verbindliche Bestellung der im Warenkorb enthaltenen Waren ab. Die Best\u00e4tigung des Zugangs Ihrer Bestellung erfolgt per E-Mail unmittelbar nach dem Absenden der Bestellung.<\/p>\n<p>Wann der Vertrag mit uns zustande kommt, richtet sich nach der von Ihnen gew\u00e4hlten Zahlungsart:<\/p>\n<p><strong>Kreditkarte<\/strong><br \/>\nMit Abgabe der Bestellung geben Sie Ihre Kreditkartendaten an und das Kreditkartenunternehmen f\u00fchrt eine Autorisierungspr\u00fcfung durch. Nach Ihrer Legitimation als rechtm\u00e4\u00dfiger Karteninhaber wird die Zahlungstransaktion automatisch eingeleitet und Ihre Kreditkarte bei Abgabe der Bestellung belastet. Zum Zeitpunkt der Kreditkartenbelastung kommt der Vertrag mit uns zustande.<\/p>\n<p><strong>PayPal, PayPal Express<\/strong><br \/>\nIm Bestellprozess werden Sie auf die Webseite des Online-Anbieters PayPal weitergeleitet. Dort k\u00f6nnen Sie Ihre Zahlungsdaten angeben und die Zahlungsanweisung an PayPal best\u00e4tigen. Nach Abgabe der Bestellung im Shop fordern wir PayPal zur Einleitung der Zahlungstransaktion auf und nehmen dadurch Ihr Angebot an.<\/p>\n<p><strong>Giropay\u00a0<\/strong><br \/>\nNach Abgabe der Bestellung werden Sie auf die Webseite Ihrer Bank weitergeleitet, wo Sie die Zahlungsanweisung an Ihre Bank best\u00e4tigen. Dadurch kommt der Vertrag mit uns zustande.<\/p>\n<p><strong>Paydirekt\u00a0<\/strong><br \/>\nNach Abgabe der Bestellung werden Sie auf die Webseite des Online-Anbieters paydirekt weitergeleitet, wo Sie die Zahlungsanweisung an paydirekt best\u00e4tigen. Nach Abgabe der Bestellung fordern wir paydirekt zur Einleitung der Zahlungstransaktion auf und nehmen dadurch Ihr Angebot an.<\/p>\n<p><strong>Amazon Pay<\/strong><br \/>\nIm Bestellprozess werden Sie auf die Webseite des Online-Anbieters Amazon noch vor Abschluss des Bestellvorganges in unserem Online-Shop weitergeleitet. Dort k\u00f6nnen Sie die bei Amazon gespeicherte Lieferadresse und Zahlungsmethode w\u00e4hlen und die Zahlungsanweisung an Amazon best\u00e4tigen. Anschlie\u00dfend werden Sie zu unserem Online-Shop zur\u00fcckgeleitet, wo Sie den Bestellvorgang abschlie\u00dfen k\u00f6nnen. Nach Abgabe der Bestellung fordern wir Amazon zur Einleitung der Zahlungstransaktion auf und nehmen dadurch Ihr Angebot an.<\/p>\n<p><strong>3.\u00a0Vertragssprache, Vertragstextspeicherung<\/strong><\/p>\n<p>Die f\u00fcr den Vertragsschluss zur Verf\u00fcgung stehende Sprache ist Deutsch.<\/p>\n<p>Wir speichern den Vertragstext und senden Ihnen die Bestelldaten und unsere AGB in Textform zu. Den Vertragstext k\u00f6nnen Sie in unserem Kunden-Login einsehen.<\/p>\n<p><strong>4.\u00a0Lieferbedingungen<\/strong><\/p>\n<p>Zuz\u00fcglich zu den angegebenen Produktpreisen kommen noch Versandkosten hinzu. N\u00e4heres zur H\u00f6he der Versandkosten erfahren Sie bei den Angeboten.<\/p>\n<p>Sie haben grunds\u00e4tzlich die M\u00f6glichkeit der Abholung bei Eventio GmbH, Bahnhofstra\u00dfe 46, 33602 Bielefeld, Deutschland zu den nachfolgend angegebenen Gesch\u00e4ftszeiten: 9:30-18:00<\/p>\n<p><strong>5.\u00a0Bezahlung<\/strong><\/p>\n<p>In unserem Shop stehen Ihnen grunds\u00e4tzlich die folgenden Zahlungsarten zur Verf\u00fcgung:<\/p>\n<p><strong>Kreditkarte<\/strong><br \/>\nMit Abgabe der Bestellung geben Sie Ihre Kreditkartendaten an und das Kreditkartenunternehmen f\u00fchrt eine Autorisierungspr\u00fcfung durch. Nach Ihrer Legitimation als rechtm\u00e4\u00dfiger Karteninhaber wird die Zahlungstransaktion automatisch durchgef\u00fchrt und Ihre Karte belastet.<\/p>\n<p><strong>PayPal, PayPal Express<\/strong><br \/>\nIm Bestellprozess werden Sie auf die Webseite des Online-Anbieters PayPal weitergeleitet. Um den Rechnungsbetrag \u00fcber PayPal bezahlen zu k\u00f6nnen, m\u00fcssen Sie dort registriert sein bzw. sich erst registrieren, mit Ihren Zugangsdaten legitimieren und die Zahlungsanweisung an uns best\u00e4tigen. Nach Abgabe der Bestellung im Shop fordern wir PayPal zur Einleitung der Zahlungstransaktion auf. Die Zahlungstransaktion wird durch PayPal unmittelbar danach automatisch durchgef\u00fchrt. Weitere Hinweise erhalten Sie beim Bestellvorgang.<\/p>\n<p><strong>Giropay\u00a0<\/strong><br \/>\nNach Abgabe der Bestellung werden Sie auf die Webseite Ihrer Bank weitergeleitet. Um den Rechnungsbetrag \u00fcber Giropay bezahlen zu k\u00f6nnen, m\u00fcssen Sie \u00fcber ein f\u00fcr die Teilnahme an Giropay freigeschaltetes Online-Banking-Konto mit PIN\/TAN-Verfahren verf\u00fcgen, sich entsprechend legitimieren und die Zahlungsanweisung an uns best\u00e4tigen. Weitere Hinweise erhalten Sie beim Bestellvorgang. Die Zahlungstransaktion wird unmittelbar danach durchgef\u00fchrt und Ihr Konto belastet.<\/p>\n<p><strong>Paydirekt\u00a0<\/strong><br \/>\nNach Abgabe der Bestellung werden Sie auf die Webseite des Online-Anbieters paydirekt weitergeleitet. Um den Rechnungsbetrag \u00fcber paydirekt bezahlen zu k\u00f6nnen, m\u00fcssen Sie \u00fcber ein f\u00fcr die Teilnahme an paydirekt freigeschaltetes Online-Banking-Konto verf\u00fcgen, dort registriert sein bzw. sich erst registrieren, mit Ihren Zugangsdaten legitimieren und die Zahlungsanweisung an uns best\u00e4tigen. Unmittelbar nach der Bestellung fordern wir paydirekt zur Einleitung der Zahlungstransaktion auf. Die Zahlungstransaktion wird durch paydirekt automatisch durchgef\u00fchrt. Weitere Hinweise erhalten Sie beim Bestellvorgang.<\/p>\n<p><strong>Amazon Pay<\/strong><br \/>\nIm Bestellprozess werden Sie auf die Webseite des Online-Anbieters Amazon noch vor Abschluss des Bestellvorganges in unserem Online-Shop weitergeleitet. Um \u00fcber Amazon den Bestellprozess abwickeln und den Rechnungsbetrag bezahlen zu k\u00f6nnen, m\u00fcssen Sie dort registriert sein bzw. sich erst registrieren und mit Ihren Zugangsdaten legitimieren. Dort k\u00f6nnen Sie die bei Amazon gespeicherte Lieferadresse und Zahlungsmethode w\u00e4hlen, die Verwendung Ihrer Daten durch Amazon und die Zahlungsanweisung an uns best\u00e4tigen. Anschlie\u00dfend werden Sie zu unserem Online-Shop zur\u00fcckgeleitet, wo Sie den Bestellvorgang abschlie\u00dfen k\u00f6nnen. Unmittelbar nach der Bestellung fordern wir Amazon zur Einleitung der Zahlungstransaktion auf. Die Zahlungstransaktion wird durch Amazon automatisch durchgef\u00fchrt. Weitere Hinweise erhalten Sie beim Bestellvorgang.<\/p>\n<p><strong>6.\u00a0Widerrufsrecht<\/strong><\/p>\n<p>Ihnen steht das gesetzliche Widerrufsrecht, wie in der Widerrufsbelehrung beschrieben, zu.<\/p>\n<p><strong>7.\u00a0Eigentumsvorbehalt<\/strong><\/p>\n<p>Die Ware bleibt bis zur vollst\u00e4ndigen Bezahlung unser Eigentum.<br \/>\nF\u00fcr Unternehmer gilt erg\u00e4nzend: Wir behalten uns das Eigentum an der Ware bis zur vollst\u00e4ndigen Begleichung aller Forderungen aus einer laufenden Gesch\u00e4ftsbeziehung vor. Sie d\u00fcrfen die Vorbehaltsware im ordentlichen Gesch\u00e4ftsbetrieb weiterver\u00e4u\u00dfern; s\u00e4mtliche aus diesem Weiterverkauf entstehenden Forderungen treten Sie \u2013 unabh\u00e4ngig von einer Verbindung oder Vermischung der Vorbehaltsware mit einer neuen Sache &#8211; in H\u00f6he des Rechnungsbetrages an uns im Voraus ab, und wir nehmen diese Abtretung an. Sie bleiben zur Einziehung der Forderungen erm\u00e4chtigt, wir d\u00fcrfen Forderungen jedoch auch selbst einziehen, soweit Sie Ihren Zahlungsverpflichtungen nicht nachkommen.<\/p>\n<p><strong>8.\u00a0Transportsch\u00e4den<\/strong><\/p>\n<p>F\u00fcr Verbraucher gilt: Werden Waren mit offensichtlichen Transportsch\u00e4den angeliefert, so reklamieren Sie solche Fehler bitte m\u00f6glichst sofort beim Zusteller und nehmen Sie bitte unverz\u00fcglich Kontakt zu uns auf. Die Vers\u00e4umung einer Reklamation oder Kontaktaufnahme hat f\u00fcr Ihre gesetzlichen Anspr\u00fcche und deren Durchsetzung, insbesondere Ihre Gew\u00e4hrleistungsrechte, keinerlei Konsequenzen. Sie helfen uns aber, unsere eigenen Anspr\u00fcche gegen\u00fcber dem Frachtf\u00fchrer bzw. der Transportversicherung geltend machen zu k\u00f6nnen.<\/p>\n<p>F\u00fcr Unternehmer gilt: Die Gefahr des zuf\u00e4lligen Untergangs und der zuf\u00e4lligen Verschlechterung geht auf Sie \u00fcber, sobald wir die Sache dem Spediteur, dem Frachtf\u00fchrer oder der sonst zur Ausf\u00fchrung der Versendung bestimmten Person oder Anstalt ausgeliefert haben. Unter Kaufleuten gilt die in \u00a7 377 HGB geregelte Untersuchungs- und R\u00fcgepflicht. Unterlassen Sie die dort geregelte Anzeige, so gilt die Ware als genehmigt, es sei denn, dass es sich um einen Mangel handelt, der bei der Untersuchung nicht erkennbar war. Dies gilt nicht, falls wir einen Mangel arglistig verschwiegen haben.<\/p>\n<p><strong>9.\u00a0Gew\u00e4hrleistung und Garantien<\/strong><\/p>\n<p>Es gilt das gesetzliche M\u00e4ngelhaftungsrecht. Informationen zu gegebenenfalls geltenden zus\u00e4tzlichen Garantien und deren genaue Bedingungen finden Sie jeweils beim Produkt und auf besonderen Informationsseiten im Online-Shop.<\/p>\n<p>Kundendienst: E-Mail: service@eventio-online.de<\/p>\n<p><strong>10.\u00a0Haftung<\/strong><\/p>\n<p>F\u00fcr Anspr\u00fcche aufgrund von Sch\u00e4den, die durch uns, unsere gesetzlichen Vertreter oder Erf\u00fcllungsgehilfen verursacht wurden, haften wir stets unbeschr\u00e4nkt<br \/>\n\u2022 bei Verletzung des Lebens, des K\u00f6rpers oder der Gesundheit<br \/>\n\u2022 bei vors\u00e4tzlicher oder grob fahrl\u00e4ssiger Pflichtverletzung<br \/>\n\u2022 bei Garantieversprechen, soweit vereinbart, oder<br \/>\n\u2022 soweit der Anwendungsbereich des Produkthaftungsgesetzes er\u00f6ffnet ist.<br \/>\nBei Verletzung wesentlicher Vertragspflichten, deren Erf\u00fcllung die ordnungsgem\u00e4\u00dfe Durchf\u00fchrung des Vertrages \u00fcberhaupt erst erm\u00f6glicht und auf deren Einhaltung der Vertragspartner regelm\u00e4\u00dfig vertrauen darf, (Kardinalpflichten) durch leichte Fahrl\u00e4ssigkeit von uns, unseren gesetzlichen Vertretern oder Erf\u00fcllungsgehilfen ist die Haftung der H\u00f6he nach auf den bei Vertragsschluss vorhersehbaren Schaden begrenzt, mit dessen Entstehung typischerweise gerechnet werden muss.<br \/>\nIm \u00dcbrigen sind Anspr\u00fcche auf Schadensersatz ausgeschlossen.<\/p>\n<p><strong>11.\u00a0Streitbeilegung<\/strong><\/p>\n<p>Die Europ\u00e4ische Kommission stellt eine Plattform zur Online-Streitbeilegung (OS) bereit, die Sie\u00a0<a href=\"https:\/\/ec.europa.eu\/consumers\/odr\/\" target=\"_blank\" rel=\"noopener noreferrer\">hier<\/a>\u00a0finden. Wir sind bereit, an einem au\u00dfergerichtlichen Schlichtungsverfahren vor einer Verbraucherschlichtungsstelle teilzunehmen. Zust\u00e4ndig ist die Allgemeine Verbraucherschlichtungsstelle des Zentrums f\u00fcr Schlichtung e.V., Stra\u00dfburger Stra\u00dfe 8, 77694 Kehl am Rhein, www.verbraucher-schlichter.de.<\/p>\n<p><strong>12.\u00a0Jugendschutz<\/strong><\/p>\n<p>Sofern Ihre Bestellung Waren umfasst, deren Verkauf Altersbeschr\u00e4nkungen unterliegt, stellen wir durch den Einsatz eines zuverl\u00e4ssigen Verfahrens unter Einbeziehung einer pers\u00f6nlichen Identit\u00e4ts- und Alterspr\u00fcfung sicher, dass der Besteller das erforderliche Mindestalter erreicht hat. Der Zusteller \u00fcbergibt die Ware erst nach erfolgter Alterspr\u00fcfung und nur an den Besteller pers\u00f6nlich.<\/p>\n<p><strong>13.\u00a0Schlussbestimmungen<\/strong><\/p>\n<p>Sind Sie Unternehmer, dann gilt deutsches Recht unter Ausschluss des UN-Kaufrechts.<\/p>\n<p>Sind Sie Kaufmann im Sinne des Handelsgesetzbuches, juristische Person des \u00f6ffentlichen Rechts oder \u00f6ffentlich-rechtliches Sonderverm\u00f6gen, ist ausschlie\u00dflicher Gerichtsstand f\u00fcr alle Streitigkeiten aus Vertragsverh\u00e4ltnissen zwischen uns und Ihnen unser Gesch\u00e4ftssitz.<\/p>\n<p>&nbsp;<\/p>\n<p>&nbsp;<br \/>\n<div class=\"woocommerce woocommerce-gzd woocommerce-gzd-complaints-shortcode\">\n    <h3>Alternative Streitbeilegung gem\u00e4\u00df Art. 14 Abs. 1 ODR-VO und \u00a7 36 VSBG:<\/h3>\n\n<p>Die Europ\u00e4ische Kommission stellt eine Plattform zur Online-Streitbeilegung (OS) bereit, die du unter <a href=\"https:\/\/ec.europa.eu\/consumers\/odr\" target=\"_blank\">https:\/\/ec.europa.eu\/consumers\/odr<\/a> findest. Verbraucher haben die M\u00f6glichkeit, sich f\u00fcr die Beilegung ihrer Streitigkeiten an [Name, Anschrift, Webseite der Schlichtungsstelle] zu wenden. Wir sind verpflichtet, an Verfahren zur Streitbeilegung vor dieser Stelle teilzunehmen. Wir werden an einem solchen Verfahren teilnehmen.<\/p>\n<\/div>\n","protected":false},"excerpt":{"rendered":"<p>Allgemeine Gesch\u00e4ftsbedingungen 1.\u00a0Geltungsbereich F\u00fcr alle Bestellungen \u00fcber unseren Online-Shop durch Verbraucher und Unternehmer gelten die nachfolgenden AGB. Verbraucher ist jede nat\u00fcrliche Person, die ein Rechtsgesch\u00e4ft zu Zwecken abschlie\u00dft, die \u00fcberwiegend weder ihrer gewerblichen noch ihrer selbst\u00e4ndigen beruflichen T\u00e4tigkeit zugerechnet werden k\u00f6nnen. Unternehmer ist eine nat\u00fcrliche oder juristische Person oder eine rechtsf\u00e4hige Personengesellschaft, die bei Abschluss &hellip;<\/p>\n<p class=\"read-more\"> <a class=\"\" href=\"https:\/\/www.eventio-online.de\/index.php\/agbs\/\"> <span class=\"screen-reader-text\">AGBs<\/span> Weiterlesen &raquo;<\/a><\/p>\n","protected":false},"author":1,"featured_media":0,"parent":0,"menu_order":0,"comment_status":"closed","ping_status":"closed","template":"","meta":{"om_disable_all_campaigns":false,"spay_email":""},"_links":{"self":[{"href":"https:\/\/www.eventio-online.de\/index.php\/wp-json\/wp\/v2\/pages\/850"}],"collection":[{"href":"https:\/\/www.eventio-online.de\/index.php\/wp-json\/wp\/v2\/pages"}],"about":[{"href":"https:\/\/www.eventio-online.de\/index.php\/wp-json\/wp\/v2\/types\/page"}],"author":[{"embeddable":true,"href":"https:\/\/www.eventio-online.de\/index.php\/wp-json\/wp\/v2\/users\/1"}],"replies":[{"embeddable":true,"href":"https:\/\/www.eventio-online.de\/index.php\/wp-json\/wp\/v2\/comments?post=850"}],"version-history":[{"count":5,"href":"https:\/\/www.eventio-online.de\/index.php\/wp-json\/wp\/v2\/pages\/850\/revisions"}],"predecessor-version":[{"id":1670,"href":"https:\/\/www.eventio-online.de\/index.php\/wp-json\/wp\/v2\/pages\/850\/revisions\/1670"}],"wp:attachment":[{"href":"https:\/\/www.eventio-online.de\/index.php\/wp-json\/wp\/v2\/media?parent=850"}],"curies":[{"name":"wp","href":"https:\/\/api.w.org\/{rel}","templated":true}]}}