{"id":842,"date":"2019-01-06T15:02:10","date_gmt":"2019-01-06T14:02:10","guid":{"rendered":"http:\/\/atsoon.com\/eventio\/?page_id=842"},"modified":"2019-06-30T15:03:57","modified_gmt":"2019-06-30T14:03:57","slug":"impressum","status":"publish","type":"page","link":"https:\/\/www.eventio-online.de\/index.php\/impressum\/","title":{"rendered":"IMPRESSUM"},"content":{"rendered":"<p><strong>Impressum<\/strong><\/p>\n<p>Eventio GmbH<\/p>\n<p>Bahnhofstra\u00dfe 46<\/p>\n<p>33602 Bielefeld<\/p>\n<p>Deutschland<\/p>\n<p>Telefon: 0521 9877382<\/p>\n<p>Fax: 0521 9877383<\/p>\n<p>Mail: info@eventio-online.de<\/p>\n<p>Gesch\u00e4ftsf\u00fchrer: Xiang Kang<\/p>\n<p>Handelsregister: Amtsgericht Bielefeld, HRB42344<\/p>\n<p>Umsatzsteuer-Identifikationsnummer: DE308756661<\/p>\n<p>Die Europ\u00e4ische Kommission stellt eine Plattform zur Online-Streitbeilegung (OS) bereit, die Sie hier finden\u00a0<a href=\"https:\/\/ec.europa.eu\/consumers\/odr\/\" target=\"_blank\" rel=\"noopener noreferrer\">https:\/\/ec.europa.eu\/consumers\/odr\/<\/a>. Zur Teilnahme an einem Streitbeilegungsverfahren vor einer Verbraucherschlichtungsstelle sind wir nicht verpflichtet und nicht bereit.<\/p>\n","protected":false},"excerpt":{"rendered":"<p>Impressum Eventio GmbH Bahnhofstra\u00dfe 46 33602 Bielefeld Deutschland Telefon: 0521 9877382 Fax: 0521 9877383 Mail: info@eventio-online.de Gesch\u00e4ftsf\u00fchrer: Xiang Kang Handelsregister: Amtsgericht Bielefeld, HRB42344 Umsatzsteuer-Identifikationsnummer: DE308756661 Die Europ\u00e4ische Kommission stellt eine Plattform zur Online-Streitbeilegung (OS) bereit, die Sie hier finden\u00a0https:\/\/ec.europa.eu\/consumers\/odr\/. Zur Teilnahme an einem Streitbeilegungsverfahren vor einer Verbraucherschlichtungsstelle sind wir nicht verpflichtet und nicht bereit.<\/p>\n","protected":false},"author":1,"featured_media":0,"parent":0,"menu_order":0,"comment_status":"closed","ping_status":"closed","template":"","meta":{"om_disable_all_campaigns":false,"spay_email":""},"_links":{"self":[{"href":"https:\/\/www.eventio-online.de\/index.php\/wp-json\/wp\/v2\/pages\/842"}],"collection":[{"href":"https:\/\/www.eventio-online.de\/index.php\/wp-json\/wp\/v2\/pages"}],"about":[{"href":"https:\/\/www.eventio-online.de\/index.php\/wp-json\/wp\/v2\/types\/page"}],"author":[{"embeddable":true,"href":"https:\/\/www.eventio-online.de\/index.php\/wp-json\/wp\/v2\/users\/1"}],"replies":[{"embeddable":true,"href":"https:\/\/www.eventio-online.de\/index.php\/wp-json\/wp\/v2\/comments?post=842"}],"version-history":[{"count":3,"href":"https:\/\/www.eventio-online.de\/index.php\/wp-json\/wp\/v2\/pages\/842\/revisions"}],"predecessor-version":[{"id":1195,"href":"https:\/\/www.eventio-online.de\/index.php\/wp-json\/wp\/v2\/pages\/842\/revisions\/1195"}],"wp:attachment":[{"href":"https:\/\/www.eventio-online.de\/index.php\/wp-json\/wp\/v2\/media?parent=842"}],"curies":[{"name":"wp","href":"https:\/\/api.w.org\/{rel}","templated":true}]}}